{"id":3,"date":"2024-05-07T15:15:56","date_gmt":"2024-05-07T15:15:56","guid":{"rendered":"https:\/\/effectivity.cz\/?page_id=3"},"modified":"2024-07-03T20:11:41","modified_gmt":"2024-07-03T18:11:41","slug":"ochrana-osobnich-udaju","status":"publish","type":"page","link":"https:\/\/effectivity.cz\/de\/schutz-der-personenbezogenen-daten\/","title":{"rendered":"Schutz personenbezogener Daten"},"content":{"rendered":"<p>Liebe Website-Besucher\u00a0<a href=\"https:\/\/www.jaktovybrat.cz\/\">www.<\/a><a href=\"https:\/\/effectivity.cz\/de\/\">Wirksamkeit<\/a><a href=\"https:\/\/www.jaktovybrat.cz\/\">.cz<\/a>,<\/p>\r\n<p>im Folgenden finden Sie die Regeln, nach denen wir den Schutz Ihrer pers\u00f6nlichen Daten, die Sie uns auf einem der unten aufgef\u00fchrten Wege zur Verf\u00fcgung stellen, angehen.<\/p>\r\n\r\n\r\n\r\n\r\n\r\n<p>Wir wissen das Vertrauen zu sch\u00e4tzen, das Sie uns bei der \u00dcbermittlung Ihrer pers\u00f6nlichen Daten entgegenbringen, und befolgen daher bei der Verarbeitung Ihrer pers\u00f6nlichen Daten die folgenden Verfahren\u00a0<a href=\"https:\/\/www.zakonyprolidi.cz\/cs\/2019-110\">Gesetz Nr. 110\/2019 Slg.<\/a>. \u00fcber die Verarbeitung personenbezogener Daten und nach\u00a0<a href=\"http:\/\/eur-lex.europa.eu\/legal-content\/CS\/TXT\/PDF\/?uri=CELEX:32016R0679&amp;from=EN\">Verordnung (EU) 2016\/679<\/a>die Allgemeine Datenschutzverordnung, die am 25. Mai 2018 in Kraft trat und allgemein als GDPR bekannt ist.<\/p>\r\n\r\n\r\n\r\n<h2 class=\"wp-block-heading\">Wer ist der f\u00fcr die Datenverarbeitung Verantwortliche?<\/h2>\r\n\r\n\r\n\r\n<p>Die Gesetzgebung bezeichnet denjenigen, der entscheidet, zu welchem Zweck und mit welchen Mitteln personenbezogene Daten verarbeitet werden, als den \"f\u00fcr die Verarbeitung Verantwortlichen\". Sie haben das Recht, die Identit\u00e4t des f\u00fcr die Verarbeitung Verantwortlichen zu erfahren. Im Falle der Verarbeitung personenbezogener Daten, die \u00fcber eines der Formulare auf www.effectivity.cz \u00fcbermittelt wurden, ist der f\u00fcr die Verarbeitung Verantwortliche:<\/p>\r\n\r\n\r\n\r\n<p><br \/>Ing. GABRIELA KOP\u0158IVOV\u00c1<\/p>\r\n\r\n\r\n\r\n<p>Nr. 160, 682 01 Hlubo\u010dany<\/p>\r\n\r\n\r\n\r\n<p>E-Mail:\u00a0<a href=\"mailto:krcilovalada1@gmail.com\">gabriel.<\/a><a href=\"mailto:gabriela.koprivova@effectivity.cz\">koprivova<\/a><a href=\"mailto:krcilovalada1@gmail.com\">@effectivity.cz<\/a><\/p>\r\n<p>&nbsp;<\/p>\r\n\r\n\r\n\r\n<p><strong>WELCHE PERSONENBEZOGENEN DATEN VERARBEITEN WIR?<\/strong><\/p>\r\n\r\n\r\n\r\n<p>Als f\u00fcr die Verarbeitung Verantwortlicher verarbeiten wir die Daten, die Sie uns zur Verf\u00fcgung stellen. Dabei handelt es sich entweder um Daten, die Sie uns durch Ausf\u00fcllen eines Formulars auf der Website zur Verf\u00fcgung stellen, die Sie uns per E-Mail schicken oder die Sie uns \u00fcber eine Anwendung wie FB Messenger, telefonisch oder pers\u00f6nlich mitteilen.<\/p>\r\n\r\n\r\n\r\n<p>Sie stellen uns Ihre Daten auf freiwilliger Basis zur Verf\u00fcgung. Obligatorisch w\u00e4re sie nur in gesetzlich vorgeschriebenen F\u00e4llen.<\/p>\r\n\r\n\r\n\r\n<p>Personenbezogene Daten k\u00f6nnen unter die Kategorie \"gew\u00f6hnliche personenbezogene Daten\" fallen oder es kann sich um besondere Datenkategorien handeln, d. h. um sensible Daten, bei denen das Gesetz strengere Bedingungen f\u00fcr die Verarbeitung vorsieht. Wir verarbeiten nur gew\u00f6hnliche personenbezogene Daten.<\/p>\r\n\r\n\r\n\r\n<p><strong>ZU WELCHEM ZWECK, F\u00dcR WELCHE DAUER UND UNTER WELCHER BEZEICHNUNG WERDEN DIE PERSONENBEZOGENEN DATEN VERARBEITET?<\/strong><\/p>\r\n\r\n\r\n\r\n<p><strong>A. Verarbeitung personenbezogener Daten auf der Grundlage Ihrer Einwilligung<\/strong><\/p>\r\n\r\n\r\n\r\n<p>Wenn Sie auf unserer Website Ihre Kontakt-E-Mail-Adresse angeben, um kostenlose Informationen, Tipps und Neuigkeiten zu erhalten, willigen Sie mit dem Absenden des Formulars ein, dass wir Ihnen solche Informationen, Tipps und Neuigkeiten zusenden. Diese Einwilligung kann sich sowohl auf unsere eigenen Produkte und Dienstleistungen als auch auf Angebote anderer Parteien beziehen. Auf dem Formular auf der Website wird angegeben, wof\u00fcr die Einwilligung konkret erteilt wird. Nur mit dem Einverst\u00e4ndnis der betroffenen Person ver\u00f6ffentlichen wir die angegebenen Referenzen, Fotos und\/oder pers\u00f6nlichen Daten der Gewinner von Gewinnspielen.<\/p>\r\n\r\n\r\n\r\n<p>Sie k\u00f6nnen Ihre Einwilligung jederzeit widerrufen. Wenn wir jedoch einige Ihrer personenbezogenen Daten auch auf der Grundlage eines anderen Rechtstitels verarbeiten, werden wir Ihre personenbezogenen Daten f\u00fcr diese Zwecke auch dann weiter verarbeiten, wenn Sie Ihre Einwilligung widerrufen, da eine Einwilligung f\u00fcr diese spezifischen Zwecke nicht erforderlich ist.<\/p>\r\n\r\n\r\n\r\n<p><strong>WER VERARBEITET SONST NOCH PERSONENBEZOGENE DATEN?<\/strong><\/p>\r\n\r\n\r\n\r\n<p>Wir verwenden intelligente Apps und Tools, um Ihnen die versprochenen Vorteile zukommen zu lassen. Ihre Anbieter werden damit zu den Verarbeitern personenbezogener Daten, d. h.:<\/p>\r\n\r\n\r\n\r\n<p><strong>ACTIVE 24, s.r.o.<\/strong><br \/>Sokolovsk\u00e1 394\/17<br \/>186 00 Prag 8<br \/>Tel: +420 234 262 000<br \/>E-Mail: info@active24.cz<\/p>\r\n\r\n\r\n\r\n<p>ID: 25115804<br \/>DIC: CZ25115804<br \/>St\u00e4dtisches Gericht in Prag, Akte. C.51029<br \/>Raiffeisenbank Kontonummer: 34175028\/5500<br \/>IBAN: CZ61 5500 0000 0000 3417 5028<br \/>MAUERSEGLER: RZBCCZPP<br \/>Mailbox-ID AKTIV 24: qdhi5vv<\/p>\r\n\r\n\r\n\r\n<p>Wir haben schriftliche Vertr\u00e4ge mit Auftragsverarbeitern abgeschlossen, in denen sie sich verpflichten, Ihre Daten sicher aufzubewahren.<\/p>\r\n\r\n\r\n\r\n<p>Personenbezogene Daten werden auch an die zust\u00e4ndigen Verwaltungsbeh\u00f6rden weitergegeben, wenn wir dazu gesetzlich verpflichtet sind (d.h. insbesondere im Falle einer Kontrolle, bei der die zust\u00e4ndige Beh\u00f6rde berechtigt ist, die Vorlage personenbezogener Daten zu verlangen).<\/p>\r\n\r\n\r\n\r\n<p><strong>WELCHE WEITEREN RECHTE HABEN SIE IM ZUSAMMENHANG MIT DER VERARBEITUNG PERSONENBEZOGENER DATEN?<\/strong><\/p>\r\n\r\n\r\n\r\n<p><strong>A. Recht auf Zugang zu personenbezogenen Daten<\/strong><\/p>\r\n\r\n\r\n\r\n<p>Sie haben das Recht zu erfahren, ob wir Ihre personenbezogenen Daten verarbeiten, und, falls dies der Fall ist, Zugang zu diesen Daten und Informationen \u00fcber ihre Verarbeitung zu erhalten.<\/p>\r\n\r\n\r\n\r\n<p><strong>B. Recht auf Berichtigung der personenbezogenen Daten<\/strong><\/p>\r\n\r\n\r\n\r\n<p>Dies ist das Recht, unrichtige personenbezogene Daten, die Sie betreffen, unverz\u00fcglich berichtigen zu lassen. Unter Ber\u00fccksichtigung der Zwecke der Verarbeitung haben Sie das Recht, die Vervollst\u00e4ndigung unvollst\u00e4ndiger personenbezogener Daten zu verlangen, auch durch Abgabe einer zus\u00e4tzlichen Erkl\u00e4rung (in der Sie vollst\u00e4ndige Daten angeben).<\/p>\r\n\r\n\r\n\r\n<p><strong>C. Recht auf L\u00f6schung der personenbezogenen Daten (Recht auf Vergessenwerden)<\/strong><\/p>\r\n\r\n\r\n\r\n<p>In den gesetzlich oder in der DSGVO vorgesehenen F\u00e4llen haben Sie das Recht, die unverz\u00fcgliche L\u00f6schung Ihrer personenbezogenen Daten zu verlangen (in der DSGVO sind die Gr\u00fcnde in Artikel 17 aufgef\u00fchrt, einschlie\u00dflich der Ausnahmen, in denen die L\u00f6schung nicht durchgef\u00fchrt wird).<\/p>\r\n\r\n\r\n\r\n<p><strong>D. Recht auf Einschr\u00e4nkung der Verarbeitung<\/strong><\/p>\r\n\r\n\r\n\r\n<p>In den in Artikel 18 DSGVO genannten F\u00e4llen haben Sie das Recht zu verlangen, dass wir die Verarbeitung Ihrer personenbezogenen Daten einschr\u00e4nken.<\/p>\r\n\r\n\r\n\r\n<p><strong>E. Recht auf Daten\u00fcbertragbarkeit<\/strong><\/p>\r\n\r\n\r\n\r\n<p>Unter den in Artikel 20 der Datenschutz-Grundverordnung genannten Bedingungen haben Sie das Recht, Ihre personenbezogenen Daten zu erhalten und sie an einen anderen f\u00fcr die Verarbeitung Verantwortlichen zu \u00fcbermitteln. Sofern technisch machbar, haben Sie das Recht, die \u00dcbermittlung direkt an einen anderen f\u00fcr die Verarbeitung Verantwortlichen zu verlangen.<\/p>\r\n\r\n\r\n\r\n<p><strong>F. Recht auf Widerspruch<\/strong><\/p>\r\n\r\n\r\n\r\n<p>Wenn wir personenbezogene Daten f\u00fcr Zwecke des berechtigten Interesses verarbeiten, haben Sie das Recht, dieser Verarbeitung zu widersprechen, und wir werden die Daten dann nicht mehr verarbeiten, es sei denn, unser berechtigtes Interesse \u00fcberwiegt Ihre Interessen oder Rechte und Freiheiten. Handelt es sich bei dem berechtigten Interesse um Direktmarketing, f\u00fchrt ein Widerspruch immer zur Einstellung der weiteren Verarbeitung zu Direktmarketingzwecken.<\/p>\r\n\r\n\r\n\r\n<p><strong>G. Recht auf Einreichung einer Beschwerde bei der Aufsichtsbeh\u00f6rde<\/strong><\/p>\r\n\r\n\r\n\r\n<p>Wenn Sie glauben, dass Ihre Datenschutzrechte verletzt werden, haben Sie das Recht, eine Beschwerde beim Amt f\u00fcr den Schutz personenbezogener Daten einzureichen. Weitere Informationen \u00fcber das Amt und den Datenschutz finden Sie direkt auf der Website des Amtes.\u00a0<a href=\"http:\/\/www.uoou.cz\/\">www.uoou.cz<\/a><\/p>\r\n\r\n\r\n\r\n<p>&nbsp;<\/p>\r\n<p><strong>WICHTIGE INFORMATIONEN AM ENDE<\/strong><\/p>\r\n\r\n\r\n\r\n<p>Wenn Sie weitere Fragen zur Verarbeitung Ihrer pers\u00f6nlichen Daten durch uns haben, k\u00f6nnen Sie sich an uns wenden\u00a0<a href=\"mailto:krcilovalada1@gmail.com\">gabriel.<\/a><a href=\"mailto:gabriela.koprivova@effectivity.cz\">koprivova<\/a><a href=\"mailto:krcilovalada1@gmail.com\">@effectivity.cz<\/a>. Sie k\u00f6nnen auch direkt Ihre Rechte aus\u00fcben, die wir in Artikel VI beschreiben. Bitte beachten Sie, dass wir Sie m\u00f6glicherweise im Nachhinein kontaktieren, um zu \u00fcberpr\u00fcfen, ob der Antrag tats\u00e4chlich direkt von Ihnen gestellt wurde, und um Ihre Identit\u00e4t und Ihren Antrag in angemessener Weise zu verifizieren. Das Gleiche gilt f\u00fcr jede telefonische oder \u00e4hnliche Mitteilung.<\/p>\r\n\r\n\r\n\r\n<p>Die aktuellste Version dieses Dokuments ist immer unter www.effectivity.cz\/ochrana-osobnich-udaju zu finden.  Diese Version ist ab dem 1.1.2020 g\u00fcltig.<\/p>","protected":false},"excerpt":{"rendered":"<p>Sehr geehrte Besucher der Website www.effectivity.cz, im Folgenden finden Sie die Regeln, nach denen wir den Schutz Ihrer pers\u00f6nlichen Daten, die Sie uns auf eine der unten aufgef\u00fchrten Arten zur Verf\u00fcgung stellen, angehen. Wir wissen es zu sch\u00e4tzen, dass Sie uns Ihre pers\u00f6nlichen Daten zur Verf\u00fcgung gestellt haben, und befolgen daher bei der Verarbeitung Ihrer pers\u00f6nlichen Daten das Gesetz Nr. 110\/2019 Slg. \u00fcber die Verarbeitung personenbezogener Daten und die Verordnung (EU) 2016\/679, d.h. die allgemeine [...]<\/p>","protected":false},"author":1,"featured_media":0,"parent":0,"menu_order":0,"comment_status":"closed","ping_status":"closed","template":"","meta":{"footnotes":""},"class_list":["post-3","page","type-page","status-publish","hentry"],"acf":[],"yoast_head":"<!-- This site is optimized with the Yoast SEO Premium plugin v22.4 (Yoast SEO v22.4) - https:\/\/yoast.com\/wordpress\/plugins\/seo\/ -->\n<title>Ochrana osobn\u00edch \u00fadaj\u016f | Effectivity - Zvy\u0161ujeme efektivitu firem<\/title>\n<meta name=\"robots\" content=\"noindex, nofollow\" \/>\n<meta property=\"og:locale\" content=\"de_DE\" \/>\n<meta property=\"og:type\" content=\"article\" \/>\n<meta property=\"og:title\" content=\"Ochrana osobn\u00edch \u00fadaj\u016f\" \/>\n<meta property=\"og:description\" content=\"Mil\u00ed n\u00e1v\u0161t\u011bvn\u00edci webov\u00fdch str\u00e1nek\u00a0www.effectivity.cz, v\u00a0n\u00e1sleduj\u00edc\u00edm textu najdete pravidla, podle kter\u00fdch p\u0159istupujeme k\u00a0ochran\u011b Va\u0161ich osobn\u00edch \u00fadaj\u016f, kter\u00e9 n\u00e1m n\u011bkter\u00fdm z\u00a0n\u00ed\u017ee uveden\u00fdch zp\u016fsob\u016f d\u00e1v\u00e1te k\u00a0dispozici. V\u00e1\u017e\u00edme si Va\u0161\u00ed d\u016fv\u011bry, se kterou n\u00e1m sv\u00e9 osobn\u00ed \u00fadaje poskytujete, a proto p\u0159i zpracov\u00e1n\u00ed osobn\u00edch \u00fadaj\u016f postupujeme podle\u00a0z\u00e1kona \u010d. 110\/2019 Sb., o zpracov\u00e1n\u00ed osobn\u00edch \u00fadaj\u016f a podle\u00a0Na\u0159\u00edzen\u00ed (EU) 2016\/679, tj. obecn\u00e9ho [&hellip;]\" \/>\n<meta property=\"og:url\" content=\"https:\/\/effectivity.cz\/de\/schutz-der-personenbezogenen-daten\/\" \/>\n<meta property=\"og:site_name\" content=\"Effectivity - Zvy\u0161ujeme efektivitu firem\" \/>\n<meta property=\"article:modified_time\" content=\"2024-07-03T18:11:41+00:00\" \/>\n<meta name=\"twitter:card\" content=\"summary_large_image\" \/>\n<meta name=\"twitter:label1\" content=\"Gesch\u00e4tzte Lesezeit\" \/>\n\t<meta name=\"twitter:data1\" content=\"5\u00a0Minuten\" \/>\n<script type=\"application\/ld+json\" class=\"yoast-schema-graph\">{\"@context\":\"https:\/\/schema.org\",\"@graph\":[{\"@type\":\"WebPage\",\"@id\":\"https:\/\/effectivity.cz\/ochrana-osobnich-udaju\/\",\"url\":\"https:\/\/effectivity.cz\/ochrana-osobnich-udaju\/\",\"name\":\"Ochrana osobn\u00edch \u00fadaj\u016f | Effectivity - Zvy\u0161ujeme efektivitu firem\",\"isPartOf\":{\"@id\":\"https:\/\/effectivity.cz\/en\/#website\"},\"datePublished\":\"2024-05-07T15:15:56+00:00\",\"dateModified\":\"2024-07-03T18:11:41+00:00\",\"breadcrumb\":{\"@id\":\"https:\/\/effectivity.cz\/ochrana-osobnich-udaju\/#breadcrumb\"},\"inLanguage\":\"de\",\"potentialAction\":[{\"@type\":\"ReadAction\",\"target\":[\"https:\/\/effectivity.cz\/ochrana-osobnich-udaju\/\"]}]},{\"@type\":\"BreadcrumbList\",\"@id\":\"https:\/\/effectivity.cz\/ochrana-osobnich-udaju\/#breadcrumb\",\"itemListElement\":[{\"@type\":\"ListItem\",\"position\":1,\"name\":\"Dom\u016f\",\"item\":\"https:\/\/effectivity.cz\/\"},{\"@type\":\"ListItem\",\"position\":2,\"name\":\"Ochrana osobn\u00edch \u00fadaj\u016f\"}]},{\"@type\":\"WebSite\",\"@id\":\"https:\/\/effectivity.cz\/en\/#website\",\"url\":\"https:\/\/effectivity.cz\/en\/\",\"name\":\"Effectivity \u2013 Zvy\u0161ujeme efektivitu firem\",\"description\":\"Zefektiv\u0148ujeme procesy, vedeme t\u00fdmy k efektivn\u00ed spolupr\u00e1ci, jsme \u0159e\u0161itel\u00e9 probl\u00e9m\u016f a architekti kultury.\",\"publisher\":{\"@id\":\"https:\/\/effectivity.cz\/en\/#organization\"},\"alternateName\":\"Effectivity\",\"potentialAction\":[{\"@type\":\"SearchAction\",\"target\":{\"@type\":\"EntryPoint\",\"urlTemplate\":\"https:\/\/effectivity.cz\/en\/?s={search_term_string}\"},\"query-input\":\"required name=search_term_string\"}],\"inLanguage\":\"de\"},{\"@type\":\"Organization\",\"@id\":\"https:\/\/effectivity.cz\/en\/#organization\",\"name\":\"Effectivity\",\"url\":\"https:\/\/effectivity.cz\/en\/\",\"logo\":{\"@type\":\"ImageObject\",\"inLanguage\":\"de\",\"@id\":\"https:\/\/effectivity.cz\/en\/#\/schema\/logo\/image\/\",\"url\":\"https:\/\/effectivity.cz\/wp-content\/uploads\/2024\/07\/effectivity_logo_dark_bg_r-2.svg\",\"contentUrl\":\"https:\/\/effectivity.cz\/wp-content\/uploads\/2024\/07\/effectivity_logo_dark_bg_r-2.svg\",\"width\":1,\"height\":1,\"caption\":\"Effectivity\"},\"image\":{\"@id\":\"https:\/\/effectivity.cz\/en\/#\/schema\/logo\/image\/\"},\"sameAs\":[\"https:\/\/www.linkedin.com\/company\/effectivity-s-r-o\/\",\"https:\/\/www.youtube.com\/channel\/UCGWmqbykj87Ana1fnV6P9HQ\"]}]}<\/script>\n<!-- \/ Yoast SEO Premium plugin. -->","yoast_head_json":{"title":"Ochrana osobn\u00edch \u00fadaj\u016f | Effectivity - Zvy\u0161ujeme efektivitu firem","robots":{"index":"noindex","follow":"nofollow"},"og_locale":"de_DE","og_type":"article","og_title":"Ochrana osobn\u00edch \u00fadaj\u016f","og_description":"Mil\u00ed n\u00e1v\u0161t\u011bvn\u00edci webov\u00fdch str\u00e1nek\u00a0www.effectivity.cz, v\u00a0n\u00e1sleduj\u00edc\u00edm textu najdete pravidla, podle kter\u00fdch p\u0159istupujeme k\u00a0ochran\u011b Va\u0161ich osobn\u00edch \u00fadaj\u016f, kter\u00e9 n\u00e1m n\u011bkter\u00fdm z\u00a0n\u00ed\u017ee uveden\u00fdch zp\u016fsob\u016f d\u00e1v\u00e1te k\u00a0dispozici. V\u00e1\u017e\u00edme si Va\u0161\u00ed d\u016fv\u011bry, se kterou n\u00e1m sv\u00e9 osobn\u00ed \u00fadaje poskytujete, a proto p\u0159i zpracov\u00e1n\u00ed osobn\u00edch \u00fadaj\u016f postupujeme podle\u00a0z\u00e1kona \u010d. 110\/2019 Sb., o zpracov\u00e1n\u00ed osobn\u00edch \u00fadaj\u016f a podle\u00a0Na\u0159\u00edzen\u00ed (EU) 2016\/679, tj. obecn\u00e9ho [&hellip;]","og_url":"https:\/\/effectivity.cz\/de\/schutz-der-personenbezogenen-daten\/","og_site_name":"Effectivity - Zvy\u0161ujeme efektivitu firem","article_modified_time":"2024-07-03T18:11:41+00:00","twitter_card":"summary_large_image","twitter_misc":{"Gesch\u00e4tzte Lesezeit":"5\u00a0Minuten"},"schema":{"@context":"https:\/\/schema.org","@graph":[{"@type":"WebPage","@id":"https:\/\/effectivity.cz\/ochrana-osobnich-udaju\/","url":"https:\/\/effectivity.cz\/ochrana-osobnich-udaju\/","name":"Ochrana osobn\u00edch \u00fadaj\u016f | Effectivity - Zvy\u0161ujeme efektivitu firem","isPartOf":{"@id":"https:\/\/effectivity.cz\/en\/#website"},"datePublished":"2024-05-07T15:15:56+00:00","dateModified":"2024-07-03T18:11:41+00:00","breadcrumb":{"@id":"https:\/\/effectivity.cz\/ochrana-osobnich-udaju\/#breadcrumb"},"inLanguage":"de","potentialAction":[{"@type":"ReadAction","target":["https:\/\/effectivity.cz\/ochrana-osobnich-udaju\/"]}]},{"@type":"BreadcrumbList","@id":"https:\/\/effectivity.cz\/ochrana-osobnich-udaju\/#breadcrumb","itemListElement":[{"@type":"ListItem","position":1,"name":"Dom\u016f","item":"https:\/\/effectivity.cz\/"},{"@type":"ListItem","position":2,"name":"Ochrana osobn\u00edch \u00fadaj\u016f"}]},{"@type":"WebSite","@id":"https:\/\/effectivity.cz\/en\/#website","url":"https:\/\/effectivity.cz\/en\/","name":"Effectivity \u2013 Zvy\u0161ujeme efektivitu firem","description":"Zefektiv\u0148ujeme procesy, vedeme t\u00fdmy k efektivn\u00ed spolupr\u00e1ci, jsme \u0159e\u0161itel\u00e9 probl\u00e9m\u016f a architekti kultury.","publisher":{"@id":"https:\/\/effectivity.cz\/en\/#organization"},"alternateName":"Effectivity","potentialAction":[{"@type":"SearchAction","target":{"@type":"EntryPoint","urlTemplate":"https:\/\/effectivity.cz\/en\/?s={search_term_string}"},"query-input":"required name=search_term_string"}],"inLanguage":"de"},{"@type":"Organization","@id":"https:\/\/effectivity.cz\/en\/#organization","name":"Effectivity","url":"https:\/\/effectivity.cz\/en\/","logo":{"@type":"ImageObject","inLanguage":"de","@id":"https:\/\/effectivity.cz\/en\/#\/schema\/logo\/image\/","url":"https:\/\/effectivity.cz\/wp-content\/uploads\/2024\/07\/effectivity_logo_dark_bg_r-2.svg","contentUrl":"https:\/\/effectivity.cz\/wp-content\/uploads\/2024\/07\/effectivity_logo_dark_bg_r-2.svg","width":1,"height":1,"caption":"Effectivity"},"image":{"@id":"https:\/\/effectivity.cz\/en\/#\/schema\/logo\/image\/"},"sameAs":["https:\/\/www.linkedin.com\/company\/effectivity-s-r-o\/","https:\/\/www.youtube.com\/channel\/UCGWmqbykj87Ana1fnV6P9HQ"]}]}},"_links":{"self":[{"href":"https:\/\/effectivity.cz\/de\/wp-json\/wp\/v2\/pages\/3","targetHints":{"allow":["GET"]}}],"collection":[{"href":"https:\/\/effectivity.cz\/de\/wp-json\/wp\/v2\/pages"}],"about":[{"href":"https:\/\/effectivity.cz\/de\/wp-json\/wp\/v2\/types\/page"}],"author":[{"embeddable":true,"href":"https:\/\/effectivity.cz\/de\/wp-json\/wp\/v2\/users\/1"}],"replies":[{"embeddable":true,"href":"https:\/\/effectivity.cz\/de\/wp-json\/wp\/v2\/comments?post=3"}],"version-history":[{"count":1,"href":"https:\/\/effectivity.cz\/de\/wp-json\/wp\/v2\/pages\/3\/revisions"}],"predecessor-version":[{"id":1183,"href":"https:\/\/effectivity.cz\/de\/wp-json\/wp\/v2\/pages\/3\/revisions\/1183"}],"wp:attachment":[{"href":"https:\/\/effectivity.cz\/de\/wp-json\/wp\/v2\/media?parent=3"}],"curies":[{"name":"wp","href":"https:\/\/api.w.org\/{rel}","templated":true}]}}