{"id":36,"date":"2024-05-14T12:11:59","date_gmt":"2024-05-14T12:11:59","guid":{"rendered":"https:\/\/effectivity.cz\/?page_id=36"},"modified":"2024-07-03T18:12:57","modified_gmt":"2024-07-03T16:12:57","slug":"effectivity","status":"publish","type":"page","link":"https:\/\/effectivity.cz\/de\/effectivity\/","title":{"rendered":"Effectivity"},"content":{"rendered":"","protected":false},"excerpt":{"rendered":"","protected":false},"author":1,"featured_media":0,"parent":0,"menu_order":0,"comment_status":"closed","ping_status":"closed","template":"","meta":{"footnotes":""},"class_list":["post-36","page","type-page","status-publish","hentry"],"acf":[],"yoast_head":"<!-- This site is optimized with the Yoast SEO Premium plugin v22.4 (Yoast SEO v22.4) - https:\/\/yoast.com\/wordpress\/plugins\/seo\/ -->\n<title>Effectivity | Effectivity - Zvy\u0161ujeme efektivitu firem<\/title>\n<meta name=\"description\" content=\"Jsme experti na zefektiv\u0148ov\u00e1n\u00ed firemn\u00edch proces\u016f. Pom\u00e1h\u00e1me t\u00fdm\u016fm spolupracovat efektivn\u011bji. Seznamte se s firmou Effectivity.\" \/>\n<meta name=\"robots\" content=\"index, follow, max-snippet:-1, max-image-preview:large, max-video-preview:-1\" \/>\n<link rel=\"canonical\" href=\"https:\/\/effectivity.cz\/de\/effectivity\/\" \/>\n<meta property=\"og:locale\" content=\"de_DE\" \/>\n<meta property=\"og:type\" content=\"article\" \/>\n<meta property=\"og:title\" content=\"Effectivity\" \/>\n<meta property=\"og:description\" content=\"Jsme experti na zefektiv\u0148ov\u00e1n\u00ed firemn\u00edch proces\u016f. Pom\u00e1h\u00e1me t\u00fdm\u016fm spolupracovat efektivn\u011bji. Seznamte se s firmou Effectivity.\" \/>\n<meta property=\"og:url\" content=\"https:\/\/effectivity.cz\/de\/effectivity\/\" \/>\n<meta property=\"og:site_name\" content=\"Effectivity - Zvy\u0161ujeme efektivitu firem\" \/>\n<meta property=\"article:modified_time\" content=\"2024-07-03T16:12:57+00:00\" \/>\n<meta name=\"twitter:card\" content=\"summary_large_image\" \/>\n<meta name=\"twitter:label1\" content=\"Gesch\u00e4tzte Lesezeit\" \/>\n\t<meta name=\"twitter:data1\" content=\"14\u00a0Minuten\" \/>\n<script type=\"application\/ld+json\" class=\"yoast-schema-graph\">{\"@context\":\"https:\/\/schema.org\",\"@graph\":[{\"@type\":\"WebPage\",\"@id\":\"https:\/\/effectivity.cz\/effectivity\/\",\"url\":\"https:\/\/effectivity.cz\/effectivity\/\",\"name\":\"Effectivity | Effectivity - Zvy\u0161ujeme efektivitu firem\",\"isPartOf\":{\"@id\":\"https:\/\/effectivity.cz\/en\/#website\"},\"datePublished\":\"2024-05-14T12:11:59+00:00\",\"dateModified\":\"2024-07-03T16:12:57+00:00\",\"description\":\"Jsme experti na zefektiv\u0148ov\u00e1n\u00ed firemn\u00edch proces\u016f. Pom\u00e1h\u00e1me t\u00fdm\u016fm spolupracovat efektivn\u011bji. Seznamte se s firmou Effectivity.\",\"breadcrumb\":{\"@id\":\"https:\/\/effectivity.cz\/effectivity\/#breadcrumb\"},\"inLanguage\":\"de\",\"potentialAction\":[{\"@type\":\"ReadAction\",\"target\":[\"https:\/\/effectivity.cz\/effectivity\/\"]}]},{\"@type\":\"BreadcrumbList\",\"@id\":\"https:\/\/effectivity.cz\/effectivity\/#breadcrumb\",\"itemListElement\":[{\"@type\":\"ListItem\",\"position\":1,\"name\":\"Dom\u016f\",\"item\":\"https:\/\/effectivity.cz\/\"},{\"@type\":\"ListItem\",\"position\":2,\"name\":\"Effectivity\"}]},{\"@type\":\"WebSite\",\"@id\":\"https:\/\/effectivity.cz\/en\/#website\",\"url\":\"https:\/\/effectivity.cz\/en\/\",\"name\":\"Effectivity \u2013 Zvy\u0161ujeme efektivitu firem\",\"description\":\"Zefektiv\u0148ujeme procesy, vedeme t\u00fdmy k efektivn\u00ed spolupr\u00e1ci, jsme \u0159e\u0161itel\u00e9 probl\u00e9m\u016f a architekti kultury.\",\"publisher\":{\"@id\":\"https:\/\/effectivity.cz\/en\/#organization\"},\"alternateName\":\"Effectivity\",\"potentialAction\":[{\"@type\":\"SearchAction\",\"target\":{\"@type\":\"EntryPoint\",\"urlTemplate\":\"https:\/\/effectivity.cz\/en\/?s={search_term_string}\"},\"query-input\":\"required name=search_term_string\"}],\"inLanguage\":\"de\"},{\"@type\":\"Organization\",\"@id\":\"https:\/\/effectivity.cz\/en\/#organization\",\"name\":\"Effectivity\",\"url\":\"https:\/\/effectivity.cz\/en\/\",\"logo\":{\"@type\":\"ImageObject\",\"inLanguage\":\"de\",\"@id\":\"https:\/\/effectivity.cz\/en\/#\/schema\/logo\/image\/\",\"url\":\"https:\/\/effectivity.cz\/wp-content\/uploads\/2024\/07\/effectivity_logo_dark_bg_r-2.svg\",\"contentUrl\":\"https:\/\/effectivity.cz\/wp-content\/uploads\/2024\/07\/effectivity_logo_dark_bg_r-2.svg\",\"width\":1,\"height\":1,\"caption\":\"Effectivity\"},\"image\":{\"@id\":\"https:\/\/effectivity.cz\/en\/#\/schema\/logo\/image\/\"},\"sameAs\":[\"https:\/\/www.linkedin.com\/company\/effectivity-s-r-o\/\",\"https:\/\/www.youtube.com\/channel\/UCGWmqbykj87Ana1fnV6P9HQ\"]}]}<\/script>\n<!-- \/ Yoast SEO Premium plugin. -->","yoast_head_json":{"title":"Effectivity | Effectivity - Zvy\u0161ujeme efektivitu firem","description":"Jsme experti na zefektiv\u0148ov\u00e1n\u00ed firemn\u00edch proces\u016f. Pom\u00e1h\u00e1me t\u00fdm\u016fm spolupracovat efektivn\u011bji. Seznamte se s firmou Effectivity.","robots":{"index":"index","follow":"follow","max-snippet":"max-snippet:-1","max-image-preview":"max-image-preview:large","max-video-preview":"max-video-preview:-1"},"canonical":"https:\/\/effectivity.cz\/de\/effectivity\/","og_locale":"de_DE","og_type":"article","og_title":"Effectivity","og_description":"Jsme experti na zefektiv\u0148ov\u00e1n\u00ed firemn\u00edch proces\u016f. Pom\u00e1h\u00e1me t\u00fdm\u016fm spolupracovat efektivn\u011bji. Seznamte se s firmou Effectivity.","og_url":"https:\/\/effectivity.cz\/de\/effectivity\/","og_site_name":"Effectivity - Zvy\u0161ujeme efektivitu firem","article_modified_time":"2024-07-03T16:12:57+00:00","twitter_card":"summary_large_image","twitter_misc":{"Gesch\u00e4tzte Lesezeit":"14\u00a0Minuten"},"schema":{"@context":"https:\/\/schema.org","@graph":[{"@type":"WebPage","@id":"https:\/\/effectivity.cz\/effectivity\/","url":"https:\/\/effectivity.cz\/effectivity\/","name":"Effectivity | Effectivity - Zvy\u0161ujeme efektivitu firem","isPartOf":{"@id":"https:\/\/effectivity.cz\/en\/#website"},"datePublished":"2024-05-14T12:11:59+00:00","dateModified":"2024-07-03T16:12:57+00:00","description":"Jsme experti na zefektiv\u0148ov\u00e1n\u00ed firemn\u00edch proces\u016f. Pom\u00e1h\u00e1me t\u00fdm\u016fm spolupracovat efektivn\u011bji. Seznamte se s firmou Effectivity.","breadcrumb":{"@id":"https:\/\/effectivity.cz\/effectivity\/#breadcrumb"},"inLanguage":"de","potentialAction":[{"@type":"ReadAction","target":["https:\/\/effectivity.cz\/effectivity\/"]}]},{"@type":"BreadcrumbList","@id":"https:\/\/effectivity.cz\/effectivity\/#breadcrumb","itemListElement":[{"@type":"ListItem","position":1,"name":"Dom\u016f","item":"https:\/\/effectivity.cz\/"},{"@type":"ListItem","position":2,"name":"Effectivity"}]},{"@type":"WebSite","@id":"https:\/\/effectivity.cz\/en\/#website","url":"https:\/\/effectivity.cz\/en\/","name":"Effectivity \u2013 Zvy\u0161ujeme efektivitu firem","description":"Zefektiv\u0148ujeme procesy, vedeme t\u00fdmy k efektivn\u00ed spolupr\u00e1ci, jsme \u0159e\u0161itel\u00e9 probl\u00e9m\u016f a architekti kultury.","publisher":{"@id":"https:\/\/effectivity.cz\/en\/#organization"},"alternateName":"Effectivity","potentialAction":[{"@type":"SearchAction","target":{"@type":"EntryPoint","urlTemplate":"https:\/\/effectivity.cz\/en\/?s={search_term_string}"},"query-input":"required name=search_term_string"}],"inLanguage":"de"},{"@type":"Organization","@id":"https:\/\/effectivity.cz\/en\/#organization","name":"Effectivity","url":"https:\/\/effectivity.cz\/en\/","logo":{"@type":"ImageObject","inLanguage":"de","@id":"https:\/\/effectivity.cz\/en\/#\/schema\/logo\/image\/","url":"https:\/\/effectivity.cz\/wp-content\/uploads\/2024\/07\/effectivity_logo_dark_bg_r-2.svg","contentUrl":"https:\/\/effectivity.cz\/wp-content\/uploads\/2024\/07\/effectivity_logo_dark_bg_r-2.svg","width":1,"height":1,"caption":"Effectivity"},"image":{"@id":"https:\/\/effectivity.cz\/en\/#\/schema\/logo\/image\/"},"sameAs":["https:\/\/www.linkedin.com\/company\/effectivity-s-r-o\/","https:\/\/www.youtube.com\/channel\/UCGWmqbykj87Ana1fnV6P9HQ"]}]}},"_links":{"self":[{"href":"https:\/\/effectivity.cz\/de\/wp-json\/wp\/v2\/pages\/36","targetHints":{"allow":["GET"]}}],"collection":[{"href":"https:\/\/effectivity.cz\/de\/wp-json\/wp\/v2\/pages"}],"about":[{"href":"https:\/\/effectivity.cz\/de\/wp-json\/wp\/v2\/types\/page"}],"author":[{"embeddable":true,"href":"https:\/\/effectivity.cz\/de\/wp-json\/wp\/v2\/users\/1"}],"replies":[{"embeddable":true,"href":"https:\/\/effectivity.cz\/de\/wp-json\/wp\/v2\/comments?post=36"}],"version-history":[{"count":1,"href":"https:\/\/effectivity.cz\/de\/wp-json\/wp\/v2\/pages\/36\/revisions"}],"predecessor-version":[{"id":1277,"href":"https:\/\/effectivity.cz\/de\/wp-json\/wp\/v2\/pages\/36\/revisions\/1277"}],"wp:attachment":[{"href":"https:\/\/effectivity.cz\/de\/wp-json\/wp\/v2\/media?parent=36"}],"curies":[{"name":"wp","href":"https:\/\/api.w.org\/{rel}","templated":true}]}}