{"id":1042,"date":"2024-06-04T08:57:52","date_gmt":"2024-06-04T08:57:52","guid":{"rendered":"https:\/\/effectivity.cz\/?page_id=1042"},"modified":"2024-07-03T17:58:46","modified_gmt":"2024-07-03T15:58:46","slug":"aktualni-akce","status":"publish","type":"page","link":"https:\/\/effectivity.cz\/en\/current-events\/","title":{"rendered":"Current events"},"content":{"rendered":"","protected":false},"excerpt":{"rendered":"","protected":false},"author":1,"featured_media":0,"parent":0,"menu_order":0,"comment_status":"closed","ping_status":"closed","template":"","meta":{"footnotes":""},"class_list":["post-1042","page","type-page","status-publish","hentry"],"acf":[],"yoast_head":"<!-- This site is optimized with the Yoast SEO Premium plugin v22.4 (Yoast SEO v22.4) - https:\/\/yoast.com\/wordpress\/plugins\/seo\/ -->\n<title>Aktu\u00e1ln\u00ed akce | Effectivity - Zvy\u0161ujeme efektivitu firem<\/title>\n<meta name=\"description\" content=\"Zjist\u011bte, jak\u00e9 kurzy, \u0161kolen\u00ed, workshopy a dal\u0161\u00ed komplexn\u00ed programy aktu\u00e1ln\u011b nab\u00edz\u00edme. Kou\u010dov\u00e1n\u00ed, lean, consulting \u2013 pro jednotlivce i firmy.\" \/>\n<meta name=\"robots\" content=\"index, follow, max-snippet:-1, max-image-preview:large, max-video-preview:-1\" \/>\n<link rel=\"canonical\" href=\"https:\/\/effectivity.cz\/en\/current-events\/\" \/>\n<meta property=\"og:locale\" content=\"en_GB\" \/>\n<meta property=\"og:type\" content=\"article\" \/>\n<meta property=\"og:title\" content=\"Aktu\u00e1ln\u00ed akce\" \/>\n<meta property=\"og:description\" content=\"Zjist\u011bte, jak\u00e9 kurzy, \u0161kolen\u00ed, workshopy a dal\u0161\u00ed komplexn\u00ed programy aktu\u00e1ln\u011b nab\u00edz\u00edme. Kou\u010dov\u00e1n\u00ed, lean, consulting \u2013 pro jednotlivce i firmy.\" \/>\n<meta property=\"og:url\" content=\"https:\/\/effectivity.cz\/en\/current-events\/\" \/>\n<meta property=\"og:site_name\" content=\"Effectivity - Zvy\u0161ujeme efektivitu firem\" \/>\n<meta property=\"article:modified_time\" content=\"2024-07-03T15:58:46+00:00\" \/>\n<meta name=\"twitter:card\" content=\"summary_large_image\" \/>\n<script type=\"application\/ld+json\" class=\"yoast-schema-graph\">{\"@context\":\"https:\/\/schema.org\",\"@graph\":[{\"@type\":\"WebPage\",\"@id\":\"https:\/\/effectivity.cz\/aktualni-akce\/\",\"url\":\"https:\/\/effectivity.cz\/aktualni-akce\/\",\"name\":\"Aktu\u00e1ln\u00ed akce | Effectivity - Zvy\u0161ujeme efektivitu firem\",\"isPartOf\":{\"@id\":\"https:\/\/effectivity.cz\/en\/#website\"},\"datePublished\":\"2024-06-04T08:57:52+00:00\",\"dateModified\":\"2024-07-03T15:58:46+00:00\",\"description\":\"Zjist\u011bte, jak\u00e9 kurzy, \u0161kolen\u00ed, workshopy a dal\u0161\u00ed komplexn\u00ed programy aktu\u00e1ln\u011b nab\u00edz\u00edme. Kou\u010dov\u00e1n\u00ed, lean, consulting \u2013 pro jednotlivce i firmy.\",\"breadcrumb\":{\"@id\":\"https:\/\/effectivity.cz\/aktualni-akce\/#breadcrumb\"},\"inLanguage\":\"en-GB\",\"potentialAction\":[{\"@type\":\"ReadAction\",\"target\":[\"https:\/\/effectivity.cz\/aktualni-akce\/\"]}]},{\"@type\":\"BreadcrumbList\",\"@id\":\"https:\/\/effectivity.cz\/aktualni-akce\/#breadcrumb\",\"itemListElement\":[{\"@type\":\"ListItem\",\"position\":1,\"name\":\"Dom\u016f\",\"item\":\"https:\/\/effectivity.cz\/\"},{\"@type\":\"ListItem\",\"position\":2,\"name\":\"Aktu\u00e1ln\u00ed akce\"}]},{\"@type\":\"WebSite\",\"@id\":\"https:\/\/effectivity.cz\/en\/#website\",\"url\":\"https:\/\/effectivity.cz\/en\/\",\"name\":\"Effectivity \u2013 Zvy\u0161ujeme efektivitu firem\",\"description\":\"Zefektiv\u0148ujeme procesy, vedeme t\u00fdmy k efektivn\u00ed spolupr\u00e1ci, jsme \u0159e\u0161itel\u00e9 probl\u00e9m\u016f a architekti kultury.\",\"publisher\":{\"@id\":\"https:\/\/effectivity.cz\/en\/#organization\"},\"alternateName\":\"Effectivity\",\"potentialAction\":[{\"@type\":\"SearchAction\",\"target\":{\"@type\":\"EntryPoint\",\"urlTemplate\":\"https:\/\/effectivity.cz\/en\/?s={search_term_string}\"},\"query-input\":\"required name=search_term_string\"}],\"inLanguage\":\"en-GB\"},{\"@type\":\"Organization\",\"@id\":\"https:\/\/effectivity.cz\/en\/#organization\",\"name\":\"Effectivity\",\"url\":\"https:\/\/effectivity.cz\/en\/\",\"logo\":{\"@type\":\"ImageObject\",\"inLanguage\":\"en-GB\",\"@id\":\"https:\/\/effectivity.cz\/en\/#\/schema\/logo\/image\/\",\"url\":\"https:\/\/effectivity.cz\/wp-content\/uploads\/2024\/07\/effectivity_logo_dark_bg_r-2.svg\",\"contentUrl\":\"https:\/\/effectivity.cz\/wp-content\/uploads\/2024\/07\/effectivity_logo_dark_bg_r-2.svg\",\"width\":1,\"height\":1,\"caption\":\"Effectivity\"},\"image\":{\"@id\":\"https:\/\/effectivity.cz\/en\/#\/schema\/logo\/image\/\"},\"sameAs\":[\"https:\/\/www.linkedin.com\/company\/effectivity-s-r-o\/\",\"https:\/\/www.youtube.com\/channel\/UCGWmqbykj87Ana1fnV6P9HQ\"]}]}<\/script>\n<!-- \/ Yoast SEO Premium plugin. -->","yoast_head_json":{"title":"Aktu\u00e1ln\u00ed akce | Effectivity - Zvy\u0161ujeme efektivitu firem","description":"Zjist\u011bte, jak\u00e9 kurzy, \u0161kolen\u00ed, workshopy a dal\u0161\u00ed komplexn\u00ed programy aktu\u00e1ln\u011b nab\u00edz\u00edme. Kou\u010dov\u00e1n\u00ed, lean, consulting \u2013 pro jednotlivce i firmy.","robots":{"index":"index","follow":"follow","max-snippet":"max-snippet:-1","max-image-preview":"max-image-preview:large","max-video-preview":"max-video-preview:-1"},"canonical":"https:\/\/effectivity.cz\/en\/current-events\/","og_locale":"en_GB","og_type":"article","og_title":"Aktu\u00e1ln\u00ed akce","og_description":"Zjist\u011bte, jak\u00e9 kurzy, \u0161kolen\u00ed, workshopy a dal\u0161\u00ed komplexn\u00ed programy aktu\u00e1ln\u011b nab\u00edz\u00edme. Kou\u010dov\u00e1n\u00ed, lean, consulting \u2013 pro jednotlivce i firmy.","og_url":"https:\/\/effectivity.cz\/en\/current-events\/","og_site_name":"Effectivity - Zvy\u0161ujeme efektivitu firem","article_modified_time":"2024-07-03T15:58:46+00:00","twitter_card":"summary_large_image","schema":{"@context":"https:\/\/schema.org","@graph":[{"@type":"WebPage","@id":"https:\/\/effectivity.cz\/aktualni-akce\/","url":"https:\/\/effectivity.cz\/aktualni-akce\/","name":"Aktu\u00e1ln\u00ed akce | Effectivity - Zvy\u0161ujeme efektivitu firem","isPartOf":{"@id":"https:\/\/effectivity.cz\/en\/#website"},"datePublished":"2024-06-04T08:57:52+00:00","dateModified":"2024-07-03T15:58:46+00:00","description":"Zjist\u011bte, jak\u00e9 kurzy, \u0161kolen\u00ed, workshopy a dal\u0161\u00ed komplexn\u00ed programy aktu\u00e1ln\u011b nab\u00edz\u00edme. Kou\u010dov\u00e1n\u00ed, lean, consulting \u2013 pro jednotlivce i firmy.","breadcrumb":{"@id":"https:\/\/effectivity.cz\/aktualni-akce\/#breadcrumb"},"inLanguage":"en-GB","potentialAction":[{"@type":"ReadAction","target":["https:\/\/effectivity.cz\/aktualni-akce\/"]}]},{"@type":"BreadcrumbList","@id":"https:\/\/effectivity.cz\/aktualni-akce\/#breadcrumb","itemListElement":[{"@type":"ListItem","position":1,"name":"Dom\u016f","item":"https:\/\/effectivity.cz\/"},{"@type":"ListItem","position":2,"name":"Aktu\u00e1ln\u00ed akce"}]},{"@type":"WebSite","@id":"https:\/\/effectivity.cz\/en\/#website","url":"https:\/\/effectivity.cz\/en\/","name":"Effectivity \u2013 Zvy\u0161ujeme efektivitu firem","description":"Zefektiv\u0148ujeme procesy, vedeme t\u00fdmy k efektivn\u00ed spolupr\u00e1ci, jsme \u0159e\u0161itel\u00e9 probl\u00e9m\u016f a architekti kultury.","publisher":{"@id":"https:\/\/effectivity.cz\/en\/#organization"},"alternateName":"Effectivity","potentialAction":[{"@type":"SearchAction","target":{"@type":"EntryPoint","urlTemplate":"https:\/\/effectivity.cz\/en\/?s={search_term_string}"},"query-input":"required name=search_term_string"}],"inLanguage":"en-GB"},{"@type":"Organization","@id":"https:\/\/effectivity.cz\/en\/#organization","name":"Effectivity","url":"https:\/\/effectivity.cz\/en\/","logo":{"@type":"ImageObject","inLanguage":"en-GB","@id":"https:\/\/effectivity.cz\/en\/#\/schema\/logo\/image\/","url":"https:\/\/effectivity.cz\/wp-content\/uploads\/2024\/07\/effectivity_logo_dark_bg_r-2.svg","contentUrl":"https:\/\/effectivity.cz\/wp-content\/uploads\/2024\/07\/effectivity_logo_dark_bg_r-2.svg","width":1,"height":1,"caption":"Effectivity"},"image":{"@id":"https:\/\/effectivity.cz\/en\/#\/schema\/logo\/image\/"},"sameAs":["https:\/\/www.linkedin.com\/company\/effectivity-s-r-o\/","https:\/\/www.youtube.com\/channel\/UCGWmqbykj87Ana1fnV6P9HQ"]}]}},"_links":{"self":[{"href":"https:\/\/effectivity.cz\/en\/wp-json\/wp\/v2\/pages\/1042","targetHints":{"allow":["GET"]}}],"collection":[{"href":"https:\/\/effectivity.cz\/en\/wp-json\/wp\/v2\/pages"}],"about":[{"href":"https:\/\/effectivity.cz\/en\/wp-json\/wp\/v2\/types\/page"}],"author":[{"embeddable":true,"href":"https:\/\/effectivity.cz\/en\/wp-json\/wp\/v2\/users\/1"}],"replies":[{"embeddable":true,"href":"https:\/\/effectivity.cz\/en\/wp-json\/wp\/v2\/comments?post=1042"}],"version-history":[{"count":2,"href":"https:\/\/effectivity.cz\/en\/wp-json\/wp\/v2\/pages\/1042\/revisions"}],"predecessor-version":[{"id":1274,"href":"https:\/\/effectivity.cz\/en\/wp-json\/wp\/v2\/pages\/1042\/revisions\/1274"}],"wp:attachment":[{"href":"https:\/\/effectivity.cz\/en\/wp-json\/wp\/v2\/media?parent=1042"}],"curies":[{"name":"wp","href":"https:\/\/api.w.org\/{rel}","templated":true}]}}