{"id":3,"date":"2024-05-07T15:15:56","date_gmt":"2024-05-07T15:15:56","guid":{"rendered":"https:\/\/effectivity.cz\/?page_id=3"},"modified":"2024-07-03T20:11:41","modified_gmt":"2024-07-03T18:11:41","slug":"ochrana-osobnich-udaju","status":"publish","type":"page","link":"https:\/\/effectivity.cz\/en\/protection-of-personal-data\/","title":{"rendered":"Personal data protection"},"content":{"rendered":"<p>Dear website visitors\u00a0<a href=\"https:\/\/www.jaktovybrat.cz\/\">www.<\/a><a href=\"https:\/\/effectivity.cz\/en\/\">effectivity<\/a><a href=\"https:\/\/www.jaktovybrat.cz\/\">.cz<\/a>,<\/p>\r\n<p>in the following you will find the rules according to which we approach the protection of your personal data that you make available to us in one of the ways listed below.<\/p>\r\n\r\n\r\n\r\n\r\n\r\n<p>We appreciate the trust you place in us to provide your personal data and therefore we follow the following procedures when processing your personal data\u00a0<a href=\"https:\/\/www.zakonyprolidi.cz\/cs\/2019-110\">Act No. 110\/2019 Coll.<\/a>., on the processing of personal data and according to\u00a0<a href=\"http:\/\/eur-lex.europa.eu\/legal-content\/CS\/TXT\/PDF\/?uri=CELEX:32016R0679&amp;from=EN\">Regulation (EU) 2016\/679<\/a>, the General Data Protection Regulation, which came into force on 25 May 2018 and is commonly known as GDPR.<\/p>\r\n\r\n\r\n\r\n<h2 class=\"wp-block-heading\">Who is the data controller?<\/h2>\r\n\r\n\r\n\r\n<p>The legislation refers to whoever decides for what purpose and by what means personal data will be processed as the \"Controller\". You have the right to know the identity of the Controller. In the case of the processing of personal data submitted via one of the forms on www.effectivity.cz, the Controller is:<\/p>\r\n\r\n\r\n\r\n<p><br \/>Ing. GABRIELA KOP\u0158IVOV\u00c1<\/p>\r\n\r\n\r\n\r\n<p>No. 160, 682 01 Hlubo\u010dany<\/p>\r\n\r\n\r\n\r\n<p>e-mail:\u00a0<a href=\"mailto:krcilovalada1@gmail.com\">gabriel.<\/a><a href=\"mailto:gabriela.koprivova@effectivity.cz\">koprivova<\/a><a href=\"mailto:krcilovalada1@gmail.com\">@effectivity.cz<\/a><\/p>\r\n<p>&nbsp;<\/p>\r\n\r\n\r\n\r\n<p><strong>WHAT PERSONAL DATA DO WE PROCESS?<\/strong><\/p>\r\n\r\n\r\n\r\n<p>As the Controller, we process the data you provide to us. This is either data provided by filling in a form on the website, sent by e-mail, or communicated by an application such as FB messenger, by telephone or in person.<\/p>\r\n\r\n\r\n\r\n<p>You provide data to us on a voluntary basis. It would only be compulsory in cases stipulated by law.<\/p>\r\n\r\n\r\n\r\n<p>Personal data may fall under the category of \"ordinary personal data\" or it may be special categories of data, i.e. sensitive data, where the law provides for stricter conditions for processing. We only process ordinary personal data.<\/p>\r\n\r\n\r\n\r\n<p><strong>WHAT IS THE PURPOSE, DURATION AND TITLE OF THE PROCESSING OF PERSONAL DATA?<\/strong><\/p>\r\n\r\n\r\n\r\n<p><strong>A. Processing of personal data on the basis of your consent<\/strong><\/p>\r\n\r\n\r\n\r\n<p>If you enter your contact email address on our website to receive free information, tips and news, you consent to us sending you such information, tips and news by submitting the form. This consent may relate to our own products and services as well as offers from other parties. The form on the website will state what specifically the consent is being given for. Only with the consent of the data subject do we publish the references provided, photographs and\/or personal data of winners of competitions held.<\/p>\r\n\r\n\r\n\r\n<p>You can withdraw your consent at any time. However, if we also process some of your personal data on the basis of another legal title, we will continue to process your personal data for these purposes even after you withdraw your consent, as consent is not required for these specific purposes.<\/p>\r\n\r\n\r\n\r\n<p><strong>WHO ELSE PROCESSES PERSONAL DATA?<\/strong><\/p>\r\n\r\n\r\n\r\n<p>We use smart apps and tools to send you the promised benefits. Their providers thus become the processors of personal data, i.e.:<\/p>\r\n\r\n\r\n\r\n<p><strong>ACTIVE 24, s.r.o.<\/strong><br \/>Sokolovsk\u00e1 394\/17<br \/>186 00 Prague 8<br \/>Tel: +420 234 262 000<br \/>E-mail: info@active24.cz<\/p>\r\n\r\n\r\n\r\n<p>ID: 25115804<br \/>DIC: CZ25115804<br \/>Municipal Court in Prague, File. C.51029<br \/>Raiffeisenbank account number: 34175028\/5500<br \/>IBAN: CZ61 5500 0000 0000 3417 5028<br \/>SWIFT: RZBCCZPP<br \/>Mailbox ID ACTIVE 24: qdhi5vv<\/p>\r\n\r\n\r\n\r\n<p>We have written contracts with processors agreeing to data protection obligations to keep your data safe.<\/p>\r\n\r\n\r\n\r\n<p>Personal data will also be disclosed to the relevant administrative authorities if we are obliged to do so by law (i.e. in particular in the case of an inspection in which the relevant authority is entitled to require the submission of personal data).<\/p>\r\n\r\n\r\n\r\n<p><strong>WHAT OTHER RIGHTS DO YOU HAVE IN RELATION TO THE PROCESSING OF PERSONAL DATA?<\/strong><\/p>\r\n\r\n\r\n\r\n<p><strong>A. Right of access to personal data<\/strong><\/p>\r\n\r\n\r\n\r\n<p>This is the right to confirm whether we are processing your personal data and, if so, to access that data and information about its processing.<\/p>\r\n\r\n\r\n\r\n<p><strong>B. Right to rectification of personal data<\/strong><\/p>\r\n\r\n\r\n\r\n<p>This is the right to have inaccurate personal data concerning you corrected without undue delay. Taking into account the purposes of the processing, you have the right to have incomplete personal data completed, including by providing an additional declaration (in which you provide complete data).<\/p>\r\n\r\n\r\n\r\n<p><strong>C. Right to erasure of personal data (right to be forgotten)<\/strong><\/p>\r\n\r\n\r\n\r\n<p>In the cases provided for by law or the GDPR, you have the right to request that we delete your personal data without undue delay (the GDPR lists the grounds in Article 17, including exceptions where deletion is not carried out).<\/p>\r\n\r\n\r\n\r\n<p><strong>D. Right to restriction of processing<\/strong><\/p>\r\n\r\n\r\n\r\n<p>In the cases set out in Article 18 GDPR, you have the right to request that we restrict the processing of your personal data.<\/p>\r\n\r\n\r\n\r\n<p><strong>E. Right to data portability<\/strong><\/p>\r\n\r\n\r\n\r\n<p>Under the conditions set out in Article 20 of the GDPR, you have the right to obtain your personal data and transfer it to another controller. Where technically feasible, you have the right to request the transfer directly to another controller.<\/p>\r\n\r\n\r\n\r\n<p><strong>F. Right to object<\/strong><\/p>\r\n\r\n\r\n\r\n<p>Where we process personal data for legitimate interest purposes, you have the right to object to such processing and we will then no longer process the data unless our legitimate interest overrides your interests or rights and freedoms. If the legitimate interest is direct marketing, then objecting will always result in the cessation of further processing for direct marketing purposes.<\/p>\r\n\r\n\r\n\r\n<p><strong>G. Right to lodge a complaint with the supervisory authority<\/strong><\/p>\r\n\r\n\r\n\r\n<p>If you believe that your data protection rights are being violated, you have the right to file a complaint with the Office for Personal Data Protection. For more information about the Office and data protection, please visit the Office's website directly.\u00a0<a href=\"http:\/\/www.uoou.cz\/\">www.uoou.cz<\/a><\/p>\r\n\r\n\r\n\r\n<p>&nbsp;<\/p>\r\n<p><strong>IMPORTANT INFO AT THE END<\/strong><\/p>\r\n\r\n\r\n\r\n<p>In case you have further questions about the processing of your personal data by us, you can contact us at\u00a0<a href=\"mailto:krcilovalada1@gmail.com\">gabriel.<\/a><a href=\"mailto:gabriela.koprivova@effectivity.cz\">koprivova<\/a><a href=\"mailto:krcilovalada1@gmail.com\">@effectivity.cz<\/a>. You can also directly exercise your rights, which we describe in Article VI. Please note that we may contact you afterwards to verify that the request is indeed made directly by you and to verify your identity and request in a reasonable manner. The same applies to any telephone or similar communication.<\/p>\r\n\r\n\r\n\r\n<p>The latest version of this document can always be found at www.effectivity.cz\/ochrana-osobnich-udaju.  This version is effective from 1.1.2020.<\/p>","protected":false},"excerpt":{"rendered":"<p>Dear visitors to the www.effectivity.cz website, in the following you will find the rules according to which we approach the protection of your personal data that you make available to us in one of the ways listed below. We appreciate your trust in providing us with your personal data, and therefore, when processing your personal data, we follow Act No. 110\/2019 Coll., on the processing of personal data and Regulation (EU) 2016\/679, i.e. the general [...]<\/p>","protected":false},"author":1,"featured_media":0,"parent":0,"menu_order":0,"comment_status":"closed","ping_status":"closed","template":"","meta":{"footnotes":""},"class_list":["post-3","page","type-page","status-publish","hentry"],"acf":[],"yoast_head":"<!-- This site is optimized with the Yoast SEO Premium plugin v22.4 (Yoast SEO v22.4) - https:\/\/yoast.com\/wordpress\/plugins\/seo\/ -->\n<title>Ochrana osobn\u00edch \u00fadaj\u016f | Effectivity - Zvy\u0161ujeme efektivitu firem<\/title>\n<meta name=\"robots\" content=\"noindex, nofollow\" \/>\n<meta property=\"og:locale\" content=\"en_GB\" \/>\n<meta property=\"og:type\" content=\"article\" \/>\n<meta property=\"og:title\" content=\"Ochrana osobn\u00edch \u00fadaj\u016f\" \/>\n<meta property=\"og:description\" content=\"Mil\u00ed n\u00e1v\u0161t\u011bvn\u00edci webov\u00fdch str\u00e1nek\u00a0www.effectivity.cz, v\u00a0n\u00e1sleduj\u00edc\u00edm textu najdete pravidla, podle kter\u00fdch p\u0159istupujeme k\u00a0ochran\u011b Va\u0161ich osobn\u00edch \u00fadaj\u016f, kter\u00e9 n\u00e1m n\u011bkter\u00fdm z\u00a0n\u00ed\u017ee uveden\u00fdch zp\u016fsob\u016f d\u00e1v\u00e1te k\u00a0dispozici. V\u00e1\u017e\u00edme si Va\u0161\u00ed d\u016fv\u011bry, se kterou n\u00e1m sv\u00e9 osobn\u00ed \u00fadaje poskytujete, a proto p\u0159i zpracov\u00e1n\u00ed osobn\u00edch \u00fadaj\u016f postupujeme podle\u00a0z\u00e1kona \u010d. 110\/2019 Sb., o zpracov\u00e1n\u00ed osobn\u00edch \u00fadaj\u016f a podle\u00a0Na\u0159\u00edzen\u00ed (EU) 2016\/679, tj. obecn\u00e9ho [&hellip;]\" \/>\n<meta property=\"og:url\" content=\"https:\/\/effectivity.cz\/en\/protection-of-personal-data\/\" \/>\n<meta property=\"og:site_name\" content=\"Effectivity - Zvy\u0161ujeme efektivitu firem\" \/>\n<meta property=\"article:modified_time\" content=\"2024-07-03T18:11:41+00:00\" \/>\n<meta name=\"twitter:card\" content=\"summary_large_image\" \/>\n<meta name=\"twitter:label1\" content=\"Estimated reading time\" \/>\n\t<meta name=\"twitter:data1\" content=\"5 minutes\" \/>\n<script type=\"application\/ld+json\" class=\"yoast-schema-graph\">{\"@context\":\"https:\/\/schema.org\",\"@graph\":[{\"@type\":\"WebPage\",\"@id\":\"https:\/\/effectivity.cz\/ochrana-osobnich-udaju\/\",\"url\":\"https:\/\/effectivity.cz\/ochrana-osobnich-udaju\/\",\"name\":\"Ochrana osobn\u00edch \u00fadaj\u016f | Effectivity - Zvy\u0161ujeme efektivitu firem\",\"isPartOf\":{\"@id\":\"https:\/\/effectivity.cz\/en\/#website\"},\"datePublished\":\"2024-05-07T15:15:56+00:00\",\"dateModified\":\"2024-07-03T18:11:41+00:00\",\"breadcrumb\":{\"@id\":\"https:\/\/effectivity.cz\/ochrana-osobnich-udaju\/#breadcrumb\"},\"inLanguage\":\"en-GB\",\"potentialAction\":[{\"@type\":\"ReadAction\",\"target\":[\"https:\/\/effectivity.cz\/ochrana-osobnich-udaju\/\"]}]},{\"@type\":\"BreadcrumbList\",\"@id\":\"https:\/\/effectivity.cz\/ochrana-osobnich-udaju\/#breadcrumb\",\"itemListElement\":[{\"@type\":\"ListItem\",\"position\":1,\"name\":\"Dom\u016f\",\"item\":\"https:\/\/effectivity.cz\/\"},{\"@type\":\"ListItem\",\"position\":2,\"name\":\"Ochrana osobn\u00edch \u00fadaj\u016f\"}]},{\"@type\":\"WebSite\",\"@id\":\"https:\/\/effectivity.cz\/en\/#website\",\"url\":\"https:\/\/effectivity.cz\/en\/\",\"name\":\"Effectivity \u2013 Zvy\u0161ujeme efektivitu firem\",\"description\":\"Zefektiv\u0148ujeme procesy, vedeme t\u00fdmy k efektivn\u00ed spolupr\u00e1ci, jsme \u0159e\u0161itel\u00e9 probl\u00e9m\u016f a architekti kultury.\",\"publisher\":{\"@id\":\"https:\/\/effectivity.cz\/en\/#organization\"},\"alternateName\":\"Effectivity\",\"potentialAction\":[{\"@type\":\"SearchAction\",\"target\":{\"@type\":\"EntryPoint\",\"urlTemplate\":\"https:\/\/effectivity.cz\/en\/?s={search_term_string}\"},\"query-input\":\"required name=search_term_string\"}],\"inLanguage\":\"en-GB\"},{\"@type\":\"Organization\",\"@id\":\"https:\/\/effectivity.cz\/en\/#organization\",\"name\":\"Effectivity\",\"url\":\"https:\/\/effectivity.cz\/en\/\",\"logo\":{\"@type\":\"ImageObject\",\"inLanguage\":\"en-GB\",\"@id\":\"https:\/\/effectivity.cz\/en\/#\/schema\/logo\/image\/\",\"url\":\"https:\/\/effectivity.cz\/wp-content\/uploads\/2024\/07\/effectivity_logo_dark_bg_r-2.svg\",\"contentUrl\":\"https:\/\/effectivity.cz\/wp-content\/uploads\/2024\/07\/effectivity_logo_dark_bg_r-2.svg\",\"width\":1,\"height\":1,\"caption\":\"Effectivity\"},\"image\":{\"@id\":\"https:\/\/effectivity.cz\/en\/#\/schema\/logo\/image\/\"},\"sameAs\":[\"https:\/\/www.linkedin.com\/company\/effectivity-s-r-o\/\",\"https:\/\/www.youtube.com\/channel\/UCGWmqbykj87Ana1fnV6P9HQ\"]}]}<\/script>\n<!-- \/ Yoast SEO Premium plugin. -->","yoast_head_json":{"title":"Ochrana osobn\u00edch \u00fadaj\u016f | Effectivity - Zvy\u0161ujeme efektivitu firem","robots":{"index":"noindex","follow":"nofollow"},"og_locale":"en_GB","og_type":"article","og_title":"Ochrana osobn\u00edch \u00fadaj\u016f","og_description":"Mil\u00ed n\u00e1v\u0161t\u011bvn\u00edci webov\u00fdch str\u00e1nek\u00a0www.effectivity.cz, v\u00a0n\u00e1sleduj\u00edc\u00edm textu najdete pravidla, podle kter\u00fdch p\u0159istupujeme k\u00a0ochran\u011b Va\u0161ich osobn\u00edch \u00fadaj\u016f, kter\u00e9 n\u00e1m n\u011bkter\u00fdm z\u00a0n\u00ed\u017ee uveden\u00fdch zp\u016fsob\u016f d\u00e1v\u00e1te k\u00a0dispozici. V\u00e1\u017e\u00edme si Va\u0161\u00ed d\u016fv\u011bry, se kterou n\u00e1m sv\u00e9 osobn\u00ed \u00fadaje poskytujete, a proto p\u0159i zpracov\u00e1n\u00ed osobn\u00edch \u00fadaj\u016f postupujeme podle\u00a0z\u00e1kona \u010d. 110\/2019 Sb., o zpracov\u00e1n\u00ed osobn\u00edch \u00fadaj\u016f a podle\u00a0Na\u0159\u00edzen\u00ed (EU) 2016\/679, tj. obecn\u00e9ho [&hellip;]","og_url":"https:\/\/effectivity.cz\/en\/protection-of-personal-data\/","og_site_name":"Effectivity - Zvy\u0161ujeme efektivitu firem","article_modified_time":"2024-07-03T18:11:41+00:00","twitter_card":"summary_large_image","twitter_misc":{"Estimated reading time":"5 minutes"},"schema":{"@context":"https:\/\/schema.org","@graph":[{"@type":"WebPage","@id":"https:\/\/effectivity.cz\/ochrana-osobnich-udaju\/","url":"https:\/\/effectivity.cz\/ochrana-osobnich-udaju\/","name":"Ochrana osobn\u00edch \u00fadaj\u016f | Effectivity - Zvy\u0161ujeme efektivitu firem","isPartOf":{"@id":"https:\/\/effectivity.cz\/en\/#website"},"datePublished":"2024-05-07T15:15:56+00:00","dateModified":"2024-07-03T18:11:41+00:00","breadcrumb":{"@id":"https:\/\/effectivity.cz\/ochrana-osobnich-udaju\/#breadcrumb"},"inLanguage":"en-GB","potentialAction":[{"@type":"ReadAction","target":["https:\/\/effectivity.cz\/ochrana-osobnich-udaju\/"]}]},{"@type":"BreadcrumbList","@id":"https:\/\/effectivity.cz\/ochrana-osobnich-udaju\/#breadcrumb","itemListElement":[{"@type":"ListItem","position":1,"name":"Dom\u016f","item":"https:\/\/effectivity.cz\/"},{"@type":"ListItem","position":2,"name":"Ochrana osobn\u00edch \u00fadaj\u016f"}]},{"@type":"WebSite","@id":"https:\/\/effectivity.cz\/en\/#website","url":"https:\/\/effectivity.cz\/en\/","name":"Effectivity \u2013 Zvy\u0161ujeme efektivitu firem","description":"Zefektiv\u0148ujeme procesy, vedeme t\u00fdmy k efektivn\u00ed spolupr\u00e1ci, jsme \u0159e\u0161itel\u00e9 probl\u00e9m\u016f a architekti kultury.","publisher":{"@id":"https:\/\/effectivity.cz\/en\/#organization"},"alternateName":"Effectivity","potentialAction":[{"@type":"SearchAction","target":{"@type":"EntryPoint","urlTemplate":"https:\/\/effectivity.cz\/en\/?s={search_term_string}"},"query-input":"required name=search_term_string"}],"inLanguage":"en-GB"},{"@type":"Organization","@id":"https:\/\/effectivity.cz\/en\/#organization","name":"Effectivity","url":"https:\/\/effectivity.cz\/en\/","logo":{"@type":"ImageObject","inLanguage":"en-GB","@id":"https:\/\/effectivity.cz\/en\/#\/schema\/logo\/image\/","url":"https:\/\/effectivity.cz\/wp-content\/uploads\/2024\/07\/effectivity_logo_dark_bg_r-2.svg","contentUrl":"https:\/\/effectivity.cz\/wp-content\/uploads\/2024\/07\/effectivity_logo_dark_bg_r-2.svg","width":1,"height":1,"caption":"Effectivity"},"image":{"@id":"https:\/\/effectivity.cz\/en\/#\/schema\/logo\/image\/"},"sameAs":["https:\/\/www.linkedin.com\/company\/effectivity-s-r-o\/","https:\/\/www.youtube.com\/channel\/UCGWmqbykj87Ana1fnV6P9HQ"]}]}},"_links":{"self":[{"href":"https:\/\/effectivity.cz\/en\/wp-json\/wp\/v2\/pages\/3","targetHints":{"allow":["GET"]}}],"collection":[{"href":"https:\/\/effectivity.cz\/en\/wp-json\/wp\/v2\/pages"}],"about":[{"href":"https:\/\/effectivity.cz\/en\/wp-json\/wp\/v2\/types\/page"}],"author":[{"embeddable":true,"href":"https:\/\/effectivity.cz\/en\/wp-json\/wp\/v2\/users\/1"}],"replies":[{"embeddable":true,"href":"https:\/\/effectivity.cz\/en\/wp-json\/wp\/v2\/comments?post=3"}],"version-history":[{"count":1,"href":"https:\/\/effectivity.cz\/en\/wp-json\/wp\/v2\/pages\/3\/revisions"}],"predecessor-version":[{"id":1183,"href":"https:\/\/effectivity.cz\/en\/wp-json\/wp\/v2\/pages\/3\/revisions\/1183"}],"wp:attachment":[{"href":"https:\/\/effectivity.cz\/en\/wp-json\/wp\/v2\/media?parent=3"}],"curies":[{"name":"wp","href":"https:\/\/api.w.org\/{rel}","templated":true}]}}